{"id":65127,"date":"2023-11-10T23:23:06","date_gmt":"2023-11-10T23:23:06","guid":{"rendered":"https:\/\/mybambini.com\/p\/lastauto\/"},"modified":"2024-02-23T12:12:44","modified_gmt":"2024-02-23T12:12:44","slug":"ciezarowka","status":"publish","type":"product","link":"https:\/\/mybambini.com\/pl-pl\/p\/ciezarowka\/","title":{"rendered":"Ci\u0119\u017car\u00f3wka"},"content":{"rendered":"","protected":false},"excerpt":{"rendered":"","protected":false},"featured_media":66121,"comment_status":"open","ping_status":"closed","template":"","meta":[],"product_brand":[],"product_cat":[465],"product_tag":[],"class_list":{"0":"post-65127","1":"product","2":"type-product","3":"status-publish","4":"has-post-thumbnail","6":"product_cat-tort-z-pampersow","8":"first","9":"instock","10":"taxable","11":"shipping-taxable","12":"purchasable","13":"product-type-variable","14":"has-default-attributes"},"_links":{"self":[{"href":"https:\/\/mybambini.com\/pl-pl\/wp-json\/wp\/v2\/product\/65127","targetHints":{"allow":["GET"]}}],"collection":[{"href":"https:\/\/mybambini.com\/pl-pl\/wp-json\/wp\/v2\/product"}],"about":[{"href":"https:\/\/mybambini.com\/pl-pl\/wp-json\/wp\/v2\/types\/product"}],"replies":[{"embeddable":true,"href":"https:\/\/mybambini.com\/pl-pl\/wp-json\/wp\/v2\/comments?post=65127"}],"version-history":[{"count":2,"href":"https:\/\/mybambini.com\/pl-pl\/wp-json\/wp\/v2\/product\/65127\/revisions"}],"predecessor-version":[{"id":84191,"href":"https:\/\/mybambini.com\/pl-pl\/wp-json\/wp\/v2\/product\/65127\/revisions\/84191"}],"wp:featuredmedia":[{"embeddable":true,"href":"https:\/\/mybambini.com\/pl-pl\/wp-json\/wp\/v2\/media\/66121"}],"wp:attachment":[{"href":"https:\/\/mybambini.com\/pl-pl\/wp-json\/wp\/v2\/media?parent=65127"}],"wp:term":[{"taxonomy":"product_brand","embeddable":true,"href":"https:\/\/mybambini.com\/pl-pl\/wp-json\/wp\/v2\/product_brand?post=65127"},{"taxonomy":"product_cat","embeddable":true,"href":"https:\/\/mybambini.com\/pl-pl\/wp-json\/wp\/v2\/product_cat?post=65127"},{"taxonomy":"product_tag","embeddable":true,"href":"https:\/\/mybambini.com\/pl-pl\/wp-json\/wp\/v2\/product_tag?post=65127"}],"curies":[{"name":"wp","href":"https:\/\/api.w.org\/{rel}","templated":true}]}}