{"id":65381,"date":"2023-11-10T23:23:28","date_gmt":"2023-11-10T23:23:28","guid":{"rendered":"https:\/\/mybambini.com\/p\/feuerwehr\/"},"modified":"2026-02-01T20:46:57","modified_gmt":"2026-02-01T20:46:57","slug":"tuzoltosag","status":"publish","type":"product","link":"https:\/\/mybambini.com\/hu-hu\/p\/tuzoltosag\/","title":{"rendered":"T\u0171zolt\u00f3s\u00e1g"},"content":{"rendered":"","protected":false},"excerpt":{"rendered":"","protected":false},"featured_media":41096,"comment_status":"open","ping_status":"closed","template":"","meta":[],"product_brand":[],"product_cat":[449],"product_tag":[],"class_list":{"0":"post-65381","1":"product","2":"type-product","3":"status-publish","4":"has-post-thumbnail","6":"product_cat-pelenkatorta","8":"first","9":"instock","10":"taxable","11":"shipping-taxable","12":"purchasable","13":"product-type-variable","14":"has-default-attributes"},"_links":{"self":[{"href":"https:\/\/mybambini.com\/hu-hu\/wp-json\/wp\/v2\/product\/65381","targetHints":{"allow":["GET"]}}],"collection":[{"href":"https:\/\/mybambini.com\/hu-hu\/wp-json\/wp\/v2\/product"}],"about":[{"href":"https:\/\/mybambini.com\/hu-hu\/wp-json\/wp\/v2\/types\/product"}],"replies":[{"embeddable":true,"href":"https:\/\/mybambini.com\/hu-hu\/wp-json\/wp\/v2\/comments?post=65381"}],"version-history":[{"count":3,"href":"https:\/\/mybambini.com\/hu-hu\/wp-json\/wp\/v2\/product\/65381\/revisions"}],"predecessor-version":[{"id":93652,"href":"https:\/\/mybambini.com\/hu-hu\/wp-json\/wp\/v2\/product\/65381\/revisions\/93652"}],"wp:featuredmedia":[{"embeddable":true,"href":"https:\/\/mybambini.com\/hu-hu\/wp-json\/wp\/v2\/media\/41096"}],"wp:attachment":[{"href":"https:\/\/mybambini.com\/hu-hu\/wp-json\/wp\/v2\/media?parent=65381"}],"wp:term":[{"taxonomy":"product_brand","embeddable":true,"href":"https:\/\/mybambini.com\/hu-hu\/wp-json\/wp\/v2\/product_brand?post=65381"},{"taxonomy":"product_cat","embeddable":true,"href":"https:\/\/mybambini.com\/hu-hu\/wp-json\/wp\/v2\/product_cat?post=65381"},{"taxonomy":"product_tag","embeddable":true,"href":"https:\/\/mybambini.com\/hu-hu\/wp-json\/wp\/v2\/product_tag?post=65381"}],"curies":[{"name":"wp","href":"https:\/\/api.w.org\/{rel}","templated":true}]}}